{"id":937,"date":"2023-03-24T00:36:33","date_gmt":"2023-03-24T00:36:33","guid":{"rendered":"https:\/\/haguruka.org\/?page_id=937"},"modified":"2023-03-24T01:02:21","modified_gmt":"2023-03-24T01:02:21","slug":"belinda-nininahazwe-2","status":"publish","type":"page","link":"https:\/\/haguruka.org\/fr\/belinda-nininahazwe-2\/","title":{"rendered":"Belinda Nininahazwe"},"content":{"rendered":"<div data-elementor-type=\"wp-page\" data-elementor-id=\"937\" class=\"elementor elementor-937\" data-elementor-post-type=\"page\">\n\t\t\t\t\t\t<section class=\"elementor-section elementor-top-section elementor-element elementor-element-1595f5b elementor-section-full_width elementor-section-height-min-height elementor-section-height-default elementor-section-items-middle\" data-id=\"1595f5b\" data-element_type=\"section\" data-e-type=\"section\" data-settings=\"{&quot;background_background&quot;:&quot;classic&quot;}\">\n\t\t\t\t\t\t\t<div class=\"elementor-background-overlay\"><\/div>\n\t\t\t\t\t\t\t<div class=\"elementor-container elementor-column-gap-default\">\n\t\t\t\t\t<div class=\"elementor-column elementor-col-100 elementor-top-column elementor-element elementor-element-59ee2c3\" data-id=\"59ee2c3\" data-element_type=\"column\" data-e-type=\"column\">\n\t\t\t<div class=\"elementor-widget-wrap elementor-element-populated\">\n\t\t\t\t\t\t<div class=\"elementor-element elementor-element-32d88af elementor-widget elementor-widget-heading\" data-id=\"32d88af\" data-element_type=\"widget\" data-e-type=\"widget\" data-widget_type=\"heading.default\">\n\t\t\t\t<div class=\"elementor-widget-container\">\n\t\t\t\t\t<h1 class=\"elementor-heading-title elementor-size-default\">Notre \u00e9quipe<\/h1>\t\t\t\t<\/div>\n\t\t\t\t<\/div>\n\t\t\t\t\t<\/div>\n\t\t<\/div>\n\t\t\t\t\t<\/div>\n\t\t<\/section>\n\t\t\t\t<section class=\"elementor-section elementor-top-section elementor-element elementor-element-e4da1cf elementor-section-boxed elementor-section-height-default elementor-section-height-default\" data-id=\"e4da1cf\" data-element_type=\"section\" data-e-type=\"section\">\n\t\t\t\t\t\t<div class=\"elementor-container elementor-column-gap-default\">\n\t\t\t\t\t<div class=\"elementor-column elementor-col-100 elementor-top-column elementor-element elementor-element-5c0250e\" data-id=\"5c0250e\" data-element_type=\"column\" data-e-type=\"column\">\n\t\t\t<div class=\"elementor-widget-wrap elementor-element-populated\">\n\t\t\t\t\t\t<div class=\"elementor-element elementor-element-ac77c38 elementor-widget elementor-widget-spacer\" data-id=\"ac77c38\" data-element_type=\"widget\" data-e-type=\"widget\" data-widget_type=\"spacer.default\">\n\t\t\t\t<div class=\"elementor-widget-container\">\n\t\t\t\t\t\t\t<div class=\"elementor-spacer\">\n\t\t\t<div class=\"elementor-spacer-inner\"><\/div>\n\t\t<\/div>\n\t\t\t\t\t\t<\/div>\n\t\t\t\t<\/div>\n\t\t\t\t\t<\/div>\n\t\t<\/div>\n\t\t\t\t\t<\/div>\n\t\t<\/section>\n\t\t\t\t<section class=\"elementor-section elementor-top-section elementor-element elementor-element-1ab2c4ec elementor-section-boxed elementor-section-height-default elementor-section-height-default\" data-id=\"1ab2c4ec\" data-element_type=\"section\" data-e-type=\"section\">\n\t\t\t\t\t\t<div class=\"elementor-container elementor-column-gap-no\">\n\t\t\t\t\t<div class=\"elementor-column elementor-col-50 elementor-top-column elementor-element elementor-element-59c42efc\" data-id=\"59c42efc\" data-element_type=\"column\" data-e-type=\"column\">\n\t\t\t<div class=\"elementor-widget-wrap elementor-element-populated\">\n\t\t\t\t\t\t<div class=\"elementor-element elementor-element-a4e68bd elementor-position-top elementor-widget elementor-widget-image-box\" data-id=\"a4e68bd\" data-element_type=\"widget\" data-e-type=\"widget\" data-widget_type=\"image-box.default\">\n\t\t\t\t<div class=\"elementor-widget-container\">\n\t\t\t\t\t<div class=\"elementor-image-box-wrapper\"><figure class=\"elementor-image-box-img\"><img fetchpriority=\"high\" decoding=\"async\" width=\"1080\" height=\"1080\" src=\"https:\/\/haguruka.org\/wp-content\/uploads\/2023\/01\/Belinda-Nininahazwe.png\" class=\"elementor-animation-float attachment-full size-full wp-image-558\" alt=\"\" srcset=\"https:\/\/haguruka.org\/wp-content\/uploads\/2023\/01\/Belinda-Nininahazwe.png 1080w, https:\/\/haguruka.org\/wp-content\/uploads\/2023\/01\/Belinda-Nininahazwe-300x300.png 300w, https:\/\/haguruka.org\/wp-content\/uploads\/2023\/01\/Belinda-Nininahazwe-1024x1024.png 1024w, https:\/\/haguruka.org\/wp-content\/uploads\/2023\/01\/Belinda-Nininahazwe-150x150.png 150w, https:\/\/haguruka.org\/wp-content\/uploads\/2023\/01\/Belinda-Nininahazwe-768x768.png 768w\" sizes=\"(max-width: 1080px) 100vw, 1080px\" \/><\/figure><\/div>\t\t\t\t<\/div>\n\t\t\t\t<\/div>\n\t\t\t\t\t<\/div>\n\t\t<\/div>\n\t\t\t\t<div class=\"elementor-column elementor-col-50 elementor-top-column elementor-element elementor-element-1df191f3\" data-id=\"1df191f3\" data-element_type=\"column\" data-e-type=\"column\">\n\t\t\t<div class=\"elementor-widget-wrap elementor-element-populated\">\n\t\t\t\t\t\t<div class=\"elementor-element elementor-element-6bc4192 elementor-widget elementor-widget-heading\" data-id=\"6bc4192\" data-element_type=\"widget\" data-e-type=\"widget\" data-widget_type=\"heading.default\">\n\t\t\t\t<div class=\"elementor-widget-container\">\n\t\t\t\t\t<h4 class=\"elementor-heading-title elementor-size-default\">Belinda Nininahazwe | Communications &amp; Governance Support<\/h4>\t\t\t\t<\/div>\n\t\t\t\t<\/div>\n\t\t\t\t<div class=\"elementor-element elementor-element-9664331 elementor-widget elementor-widget-text-editor\" data-id=\"9664331\" data-element_type=\"widget\" data-e-type=\"widget\" data-widget_type=\"text-editor.default\">\n\t\t\t\t<div class=\"elementor-widget-container\">\n\t\t\t\t\t\t\t\t\t<p>Belinda est traductrice et linguiste de profession, passionn\u00e9e par les langues et la communication. Elle est titulaire d'une ma\u00eetrise en traduction de l'Universit\u00e9 York. En tant que m\u00e8re de deux filles, elle est engag\u00e9e dans les probl\u00e8mes qui affectent de mani\u00e8re disproportionn\u00e9e les filles et les femmes, en particulier dans son pays natal, le Burundi. Elle croit fermement que l'\u00e9mancipation des filles et des femmes est un facteur cl\u00e9 du d\u00e9veloppement \u00e9conomique d'un pays. Ces femmes peuvent alors assumer des r\u00f4les de leadership et devenir des mod\u00e8les pour la nouvelle g\u00e9n\u00e9ration.<\/p>\t\t\t\t\t\t\t\t<\/div>\n\t\t\t\t<\/div>\n\t\t\t\t\t<\/div>\n\t\t<\/div>\n\t\t\t\t\t<\/div>\n\t\t<\/section>\n\t\t\t\t<section class=\"elementor-section elementor-top-section elementor-element elementor-element-7edb210 elementor-section-boxed elementor-section-height-default elementor-section-height-default\" data-id=\"7edb210\" data-element_type=\"section\" data-e-type=\"section\">\n\t\t\t\t\t\t<div class=\"elementor-container elementor-column-gap-default\">\n\t\t\t\t\t<div class=\"elementor-column elementor-col-100 elementor-top-column elementor-element elementor-element-51d2f08\" data-id=\"51d2f08\" data-element_type=\"column\" data-e-type=\"column\">\n\t\t\t<div class=\"elementor-widget-wrap elementor-element-populated\">\n\t\t\t\t\t\t<div class=\"elementor-element elementor-element-4cb7bb5 elementor-align-center elementor-tablet-align-center elementor-mobile-align-center elementor-widget elementor-widget-button\" data-id=\"4cb7bb5\" data-element_type=\"widget\" data-e-type=\"widget\" data-widget_type=\"button.default\">\n\t\t\t\t<div class=\"elementor-widget-container\">\n\t\t\t\t\t\t\t\t\t<div class=\"elementor-button-wrapper\">\n\t\t\t\t\t<a class=\"elementor-button elementor-button-link elementor-size-sm elementor-animation-shrink\" href=\"https:\/\/haguruka.org\/fr\/our-team\/\">\n\t\t\t\t\t\t<span class=\"elementor-button-content-wrapper\">\n\t\t\t\t\t\t<span class=\"elementor-button-icon\">\n\t\t\t\t<i aria-hidden=\"true\" class=\"fas fa-arrow-right\"><\/i>\t\t\t<\/span>\n\t\t\t\t\t\t\t\t\t<span class=\"elementor-button-text\">Voir le reste de l'\u00e9quipe<\/span>\n\t\t\t\t\t<\/span>\n\t\t\t\t\t<\/a>\n\t\t\t\t<\/div>\n\t\t\t\t\t\t\t\t<\/div>\n\t\t\t\t<\/div>\n\t\t\t\t<div class=\"elementor-element elementor-element-3032a83 elementor-widget elementor-widget-spacer\" data-id=\"3032a83\" data-element_type=\"widget\" data-e-type=\"widget\" data-widget_type=\"spacer.default\">\n\t\t\t\t<div class=\"elementor-widget-container\">\n\t\t\t\t\t\t\t<div class=\"elementor-spacer\">\n\t\t\t<div class=\"elementor-spacer-inner\"><\/div>\n\t\t<\/div>\n\t\t\t\t\t\t<\/div>\n\t\t\t\t<\/div>\n\t\t\t\t\t<\/div>\n\t\t<\/div>\n\t\t\t\t\t<\/div>\n\t\t<\/section>\n\t\t\t\t<\/div>","protected":false},"excerpt":{"rendered":"<p>Our Team Belinda Nininahazwe | Communications &#038; Governance Support Belinda is a translator and linguist by profession who is passionate about languages and communication. She holds a Master\u2019s degree in Translation from York University. As a mother of two daughters, she is committed to issues that disproportionately affect girls and women, particularly in her native [&hellip;]<\/p>","protected":false},"author":1,"featured_media":0,"parent":0,"menu_order":0,"comment_status":"closed","ping_status":"closed","template":"","meta":{"footnotes":""},"class_list":["post-937","page","type-page","status-publish","hentry"],"_links":{"self":[{"href":"https:\/\/haguruka.org\/fr\/wp-json\/wp\/v2\/pages\/937","targetHints":{"allow":["GET"]}}],"collection":[{"href":"https:\/\/haguruka.org\/fr\/wp-json\/wp\/v2\/pages"}],"about":[{"href":"https:\/\/haguruka.org\/fr\/wp-json\/wp\/v2\/types\/page"}],"author":[{"embeddable":true,"href":"https:\/\/haguruka.org\/fr\/wp-json\/wp\/v2\/users\/1"}],"replies":[{"embeddable":true,"href":"https:\/\/haguruka.org\/fr\/wp-json\/wp\/v2\/comments?post=937"}],"version-history":[{"count":7,"href":"https:\/\/haguruka.org\/fr\/wp-json\/wp\/v2\/pages\/937\/revisions"}],"predecessor-version":[{"id":990,"href":"https:\/\/haguruka.org\/fr\/wp-json\/wp\/v2\/pages\/937\/revisions\/990"}],"wp:attachment":[{"href":"https:\/\/haguruka.org\/fr\/wp-json\/wp\/v2\/media?parent=937"}],"curies":[{"name":"wp","href":"https:\/\/api.w.org\/{rel}","templated":true}]}}