{"id":84,"date":"2023-01-13T19:09:07","date_gmt":"2023-01-13T19:09:07","guid":{"rendered":"https:\/\/haguruka.org\/?page_id=84"},"modified":"2023-02-12T22:42:17","modified_gmt":"2023-02-12T22:42:17","slug":"nawe-nuze","status":"publish","type":"page","link":"https:\/\/haguruka.org\/fr\/nawe-nuze\/","title":{"rendered":"Projet Nawe Nuze"},"content":{"rendered":"<div data-elementor-type=\"wp-page\" data-elementor-id=\"84\" class=\"elementor elementor-84\" data-elementor-post-type=\"page\">\n\t\t\t\t\t\t<section class=\"elementor-section elementor-top-section elementor-element elementor-element-448106b2 elementor-section-full_width elementor-section-height-min-height elementor-section-height-default elementor-section-items-middle\" data-id=\"448106b2\" data-element_type=\"section\" data-e-type=\"section\" data-settings=\"{&quot;background_background&quot;:&quot;classic&quot;}\">\n\t\t\t\t\t\t\t<div class=\"elementor-background-overlay\"><\/div>\n\t\t\t\t\t\t\t<div class=\"elementor-container elementor-column-gap-default\">\n\t\t\t\t\t<div class=\"elementor-column elementor-col-100 elementor-top-column elementor-element elementor-element-34b80b2d\" data-id=\"34b80b2d\" data-element_type=\"column\" data-e-type=\"column\">\n\t\t\t<div class=\"elementor-widget-wrap elementor-element-populated\">\n\t\t\t\t\t\t<div class=\"elementor-element elementor-element-11f5b93d elementor-widget elementor-widget-heading\" data-id=\"11f5b93d\" data-element_type=\"widget\" data-e-type=\"widget\" data-widget_type=\"heading.default\">\n\t\t\t\t<div class=\"elementor-widget-container\">\n\t\t\t\t\t<h1 class=\"elementor-heading-title elementor-size-default\">Projet Nawe Nuze (\"Rejoignez-nous\")<\/h1>\t\t\t\t<\/div>\n\t\t\t\t<\/div>\n\t\t\t\t\t<\/div>\n\t\t<\/div>\n\t\t\t\t\t<\/div>\n\t\t<\/section>\n\t\t\t\t<section class=\"elementor-section elementor-top-section elementor-element elementor-element-d9f5033 elementor-section-boxed elementor-section-height-default elementor-section-height-default\" data-id=\"d9f5033\" data-element_type=\"section\" data-e-type=\"section\">\n\t\t\t\t\t\t<div class=\"elementor-container elementor-column-gap-default\">\n\t\t\t\t\t<div class=\"elementor-column elementor-col-50 elementor-top-column elementor-element elementor-element-5f446b8\" data-id=\"5f446b8\" data-element_type=\"column\" data-e-type=\"column\">\n\t\t\t<div class=\"elementor-widget-wrap elementor-element-populated\">\n\t\t\t\t\t\t<div class=\"elementor-element elementor-element-8c25001 elementor-widget elementor-widget-image\" data-id=\"8c25001\" data-element_type=\"widget\" data-e-type=\"widget\" data-widget_type=\"image.default\">\n\t\t\t\t<div class=\"elementor-widget-container\">\n\t\t\t\t\t\t\t\t\t\t\t\t\t\t\t<img fetchpriority=\"high\" decoding=\"async\" width=\"1280\" height=\"854\" src=\"https:\/\/haguruka.org\/wp-content\/uploads\/2023\/01\/Image-for-PROJECTS-page-1-1.jpeg\" class=\"attachment-full size-full wp-image-417\" alt=\"\" srcset=\"https:\/\/haguruka.org\/wp-content\/uploads\/2023\/01\/Image-for-PROJECTS-page-1-1.jpeg 1280w, https:\/\/haguruka.org\/wp-content\/uploads\/2023\/01\/Image-for-PROJECTS-page-1-1-300x200.jpeg 300w, https:\/\/haguruka.org\/wp-content\/uploads\/2023\/01\/Image-for-PROJECTS-page-1-1-1024x683.jpeg 1024w, https:\/\/haguruka.org\/wp-content\/uploads\/2023\/01\/Image-for-PROJECTS-page-1-1-768x512.jpeg 768w\" sizes=\"(max-width: 1280px) 100vw, 1280px\" \/>\t\t\t\t\t\t\t\t\t\t\t\t\t\t\t<\/div>\n\t\t\t\t<\/div>\n\t\t\t\t<div class=\"elementor-element elementor-element-4fdf6b3 elementor-widget elementor-widget-heading\" data-id=\"4fdf6b3\" data-element_type=\"widget\" data-e-type=\"widget\" data-widget_type=\"heading.default\">\n\t\t\t\t<div class=\"elementor-widget-container\">\n\t\t\t\t\t<h3 class=\"elementor-heading-title elementor-size-default\">Nawe Nuze \u2013\n(en collaboration avec l'ANSS)<\/h3>\t\t\t\t<\/div>\n\t\t\t\t<\/div>\n\t\t\t\t<div class=\"elementor-element elementor-element-297e95d elementor-widget elementor-widget-text-editor\" data-id=\"297e95d\" data-element_type=\"widget\" data-e-type=\"widget\" data-widget_type=\"text-editor.default\">\n\t\t\t\t<div class=\"elementor-widget-container\">\n\t\t\t\t\t\t\t\t\t<p>Lanc\u00e9 en mars 2014, le projet Nawe Nuze a \u00e9t\u00e9 rendu possible gr\u00e2ce \u00e0 un partenariat avec l'Association nationale de soutien aux s\u00e9ropositifs et malades du sida (ANSS). Gr\u00e2ce \u00e0 ce projet, des groupes de solidarit\u00e9 f\u00e9minine \u00e0 travers le Burundi re\u00e7oivent une aide financi\u00e8re gr\u00e2ce \u00e0 une subvention de Haguruka. L'objectif est de permettre aux femmes les plus n\u00e9cessiteuses d'acc\u00e9der \u00e0 des fonds pour d\u00e9marrer de petites entreprises. Des groupes de solidarit\u00e9 ont \u00e9t\u00e9 cr\u00e9\u00e9s par l'ANSS en tant que mod\u00e8le de bonnes pratiques pour favoriser le soutien entre pairs, la responsabilisation et augmenter les chances de succ\u00e8s et de durabilit\u00e9.<\/p><p>Si vous souhaitez obtenir plus d'informations, veuillez nous envoyer un courriel \u00e0 info@haguruka.org.<\/p><p>Merci de votre soutien !<\/p>\t\t\t\t\t\t\t\t<\/div>\n\t\t\t\t<\/div>\n\t\t\t\t\t<\/div>\n\t\t<\/div>\n\t\t\t\t<div class=\"elementor-column elementor-col-50 elementor-top-column elementor-element elementor-element-2aff449\" data-id=\"2aff449\" data-element_type=\"column\" data-e-type=\"column\">\n\t\t\t<div class=\"elementor-widget-wrap elementor-element-populated\">\n\t\t\t\t\t\t<section class=\"elementor-section elementor-inner-section elementor-element elementor-element-e9634fd elementor-section-boxed elementor-section-height-default elementor-section-height-default\" data-id=\"e9634fd\" data-element_type=\"section\" data-e-type=\"section\">\n\t\t\t\t\t\t<div class=\"elementor-container elementor-column-gap-no\">\n\t\t\t\t\t<div class=\"elementor-column elementor-col-100 elementor-inner-column elementor-element elementor-element-7ed53b7\" data-id=\"7ed53b7\" data-element_type=\"column\" data-e-type=\"column\">\n\t\t\t<div class=\"elementor-widget-wrap elementor-element-populated\">\n\t\t\t\t\t\t<div class=\"elementor-element elementor-element-a29d8c6 elementor-widget elementor-widget-heading\" data-id=\"a29d8c6\" data-element_type=\"widget\" data-e-type=\"widget\" data-widget_type=\"heading.default\">\n\t\t\t\t<div class=\"elementor-widget-container\">\n\t\t\t\t\t<h4 class=\"elementor-heading-title elementor-size-default\">Autres Projets<\/h4>\t\t\t\t<\/div>\n\t\t\t\t<\/div>\n\t\t\t\t<div class=\"elementor-element elementor-element-5c86d71 elementor-icon-list--layout-traditional elementor-list-item-link-full_width elementor-widget elementor-widget-icon-list\" data-id=\"5c86d71\" data-element_type=\"widget\" data-e-type=\"widget\" data-widget_type=\"icon-list.default\">\n\t\t\t\t<div class=\"elementor-widget-container\">\n\t\t\t\t\t\t\t<ul class=\"elementor-icon-list-items\">\n\t\t\t\t\t\t\t<li class=\"elementor-icon-list-item\">\n\t\t\t\t\t\t\t\t\t\t\t<a href=\"https:\/\/haguruka.org\/fr\/project-iteka\/\">\n\n\t\t\t\t\t\t\t\t\t\t\t\t<span class=\"elementor-icon-list-icon\">\n\t\t\t\t\t\t\t<i aria-hidden=\"true\" class=\"icon icon-play1\"><\/i>\t\t\t\t\t\t<\/span>\n\t\t\t\t\t\t\t\t\t\t<span class=\"elementor-icon-list-text\">Project Iteka (\"Honour\")<\/span>\n\t\t\t\t\t\t\t\t\t\t\t<\/a>\n\t\t\t\t\t\t\t\t\t<\/li>\n\t\t\t\t\t\t\t\t<li class=\"elementor-icon-list-item\">\n\t\t\t\t\t\t\t\t\t\t\t<a href=\"https:\/\/haguruka.org\/fr\/project-terimbere\/\">\n\n\t\t\t\t\t\t\t\t\t\t\t\t<span class=\"elementor-icon-list-icon\">\n\t\t\t\t\t\t\t<i aria-hidden=\"true\" class=\"icon icon-play-button\"><\/i>\t\t\t\t\t\t<\/span>\n\t\t\t\t\t\t\t\t\t\t<span class=\"elementor-icon-list-text\">Projet Terimbere (\"Aller de l'avant\")<\/span>\n\t\t\t\t\t\t\t\t\t\t\t<\/a>\n\t\t\t\t\t\t\t\t\t<\/li>\n\t\t\t\t\t\t\t\t<li class=\"elementor-icon-list-item\">\n\t\t\t\t\t\t\t\t\t\t\t<a href=\"https:\/\/haguruka.org\/fr\/project-karire\/\">\n\n\t\t\t\t\t\t\t\t\t\t\t\t<span class=\"elementor-icon-list-icon\">\n\t\t\t\t\t\t\t<i aria-hidden=\"true\" class=\"icon icon-play-button\"><\/i>\t\t\t\t\t\t<\/span>\n\t\t\t\t\t\t\t\t\t\t<span class=\"elementor-icon-list-text\">Projet Karire<\/span>\n\t\t\t\t\t\t\t\t\t\t\t<\/a>\n\t\t\t\t\t\t\t\t\t<\/li>\n\t\t\t\t\t\t<\/ul>\n\t\t\t\t\t\t<\/div>\n\t\t\t\t<\/div>\n\t\t\t\t\t<\/div>\n\t\t<\/div>\n\t\t\t\t\t<\/div>\n\t\t<\/section>\n\t\t\t\t\t<\/div>\n\t\t<\/div>\n\t\t\t\t\t<\/div>\n\t\t<\/section>\n\t\t\t\t<section class=\"elementor-section elementor-top-section elementor-element elementor-element-44d1f39 elementor-section-boxed elementor-section-height-default elementor-section-height-default\" data-id=\"44d1f39\" data-element_type=\"section\" data-e-type=\"section\">\n\t\t\t\t\t\t<div class=\"elementor-container elementor-column-gap-default\">\n\t\t\t\t\t<div class=\"elementor-column elementor-col-33 elementor-top-column elementor-element elementor-element-865b28e\" data-id=\"865b28e\" data-element_type=\"column\" data-e-type=\"column\">\n\t\t\t<div class=\"elementor-widget-wrap elementor-element-populated\">\n\t\t\t\t\t\t<div class=\"elementor-element elementor-element-5d89137 elementor-widget elementor-widget-image\" data-id=\"5d89137\" data-element_type=\"widget\" data-e-type=\"widget\" data-widget_type=\"image.default\">\n\t\t\t\t<div class=\"elementor-widget-container\">\n\t\t\t\t\t\t\t\t\t\t\t\t\t\t\t<img decoding=\"async\" width=\"282\" height=\"211\" src=\"https:\/\/haguruka.org\/wp-content\/uploads\/2023\/01\/Photo-from-ANSS-on-NAWE-NUZE-project-1.png\" class=\"attachment-full size-full wp-image-434\" alt=\"\" \/>\t\t\t\t\t\t\t\t\t\t\t\t\t\t\t<\/div>\n\t\t\t\t<\/div>\n\t\t\t\t\t<\/div>\n\t\t<\/div>\n\t\t\t\t<div class=\"elementor-column elementor-col-33 elementor-top-column elementor-element elementor-element-9bb0370\" data-id=\"9bb0370\" data-element_type=\"column\" data-e-type=\"column\">\n\t\t\t<div class=\"elementor-widget-wrap elementor-element-populated\">\n\t\t\t\t\t\t<div class=\"elementor-element elementor-element-d03c2c8 elementor-widget elementor-widget-image\" data-id=\"d03c2c8\" data-element_type=\"widget\" data-e-type=\"widget\" data-widget_type=\"image.default\">\n\t\t\t\t<div class=\"elementor-widget-container\">\n\t\t\t\t\t\t\t\t\t\t\t\t\t\t\t<img decoding=\"async\" width=\"282\" height=\"211\" src=\"https:\/\/haguruka.org\/wp-content\/uploads\/2023\/01\/Photo-from-ANSS-on-NAWE-NUZE-project-3.png\" class=\"attachment-full size-full wp-image-435\" alt=\"\" \/>\t\t\t\t\t\t\t\t\t\t\t\t\t\t\t<\/div>\n\t\t\t\t<\/div>\n\t\t\t\t\t<\/div>\n\t\t<\/div>\n\t\t\t\t<div class=\"elementor-column elementor-col-33 elementor-top-column elementor-element elementor-element-a05a46c\" data-id=\"a05a46c\" data-element_type=\"column\" data-e-type=\"column\">\n\t\t\t<div class=\"elementor-widget-wrap elementor-element-populated\">\n\t\t\t\t\t\t<div class=\"elementor-element elementor-element-814e8ac elementor-widget elementor-widget-image\" data-id=\"814e8ac\" data-element_type=\"widget\" data-e-type=\"widget\" data-widget_type=\"image.default\">\n\t\t\t\t<div class=\"elementor-widget-container\">\n\t\t\t\t\t\t\t\t\t\t\t\t\t\t\t<img loading=\"lazy\" decoding=\"async\" width=\"282\" height=\"211\" src=\"https:\/\/haguruka.org\/wp-content\/uploads\/2023\/01\/Photo-from-ANSS-on-NAWE-NUZE-project-2.png\" class=\"attachment-full size-full wp-image-436\" alt=\"\" \/>\t\t\t\t\t\t\t\t\t\t\t\t\t\t\t<\/div>\n\t\t\t\t<\/div>\n\t\t\t\t\t<\/div>\n\t\t<\/div>\n\t\t\t\t\t<\/div>\n\t\t<\/section>\n\t\t\t\t<\/div>","protected":false},"excerpt":{"rendered":"<p>Project Nawe Nuze (&#8220;Join Us&#8221;) Nawe Nuze \u2013 (in collobaration with ANSS) Launched in March 2014, project Nawe Nuze was made possible through a partnership with L\u2019Association nationale de soutien aux s\u00e9ropositifs et malades du sida (ANSS). Through this project, women\u2019s solidarity groups throughout Burundi receive financial assistance through a grant from Haguruka so that [&hellip;]<\/p>","protected":false},"author":1,"featured_media":0,"parent":0,"menu_order":0,"comment_status":"closed","ping_status":"closed","template":"elementor_header_footer","meta":{"footnotes":""},"class_list":["post-84","page","type-page","status-publish","hentry"],"_links":{"self":[{"href":"https:\/\/haguruka.org\/fr\/wp-json\/wp\/v2\/pages\/84","targetHints":{"allow":["GET"]}}],"collection":[{"href":"https:\/\/haguruka.org\/fr\/wp-json\/wp\/v2\/pages"}],"about":[{"href":"https:\/\/haguruka.org\/fr\/wp-json\/wp\/v2\/types\/page"}],"author":[{"embeddable":true,"href":"https:\/\/haguruka.org\/fr\/wp-json\/wp\/v2\/users\/1"}],"replies":[{"embeddable":true,"href":"https:\/\/haguruka.org\/fr\/wp-json\/wp\/v2\/comments?post=84"}],"version-history":[{"count":44,"href":"https:\/\/haguruka.org\/fr\/wp-json\/wp\/v2\/pages\/84\/revisions"}],"predecessor-version":[{"id":756,"href":"https:\/\/haguruka.org\/fr\/wp-json\/wp\/v2\/pages\/84\/revisions\/756"}],"wp:attachment":[{"href":"https:\/\/haguruka.org\/fr\/wp-json\/wp\/v2\/media?parent=84"}],"curies":[{"name":"wp","href":"https:\/\/api.w.org\/{rel}","templated":true}]}}