{"id":729,"date":"2023-02-12T22:11:39","date_gmt":"2023-02-12T22:11:39","guid":{"rendered":"https:\/\/haguruka.org\/?page_id=729"},"modified":"2023-03-24T00:25:07","modified_gmt":"2023-03-24T00:25:07","slug":"resources","status":"publish","type":"page","link":"https:\/\/haguruka.org\/fr\/resources\/","title":{"rendered":"Ressources"},"content":{"rendered":"<div data-elementor-type=\"wp-page\" data-elementor-id=\"729\" class=\"elementor elementor-729\" data-elementor-post-type=\"page\">\n\t\t\t\t\t\t<section class=\"elementor-section elementor-top-section elementor-element elementor-element-27c0a39a elementor-section-full_width elementor-section-height-min-height elementor-section-height-default elementor-section-items-middle\" data-id=\"27c0a39a\" data-element_type=\"section\" data-e-type=\"section\" data-settings=\"{&quot;background_background&quot;:&quot;classic&quot;}\">\n\t\t\t\t\t\t\t<div class=\"elementor-background-overlay\"><\/div>\n\t\t\t\t\t\t\t<div class=\"elementor-container elementor-column-gap-default\">\n\t\t\t\t\t<div class=\"elementor-column elementor-col-100 elementor-top-column elementor-element elementor-element-7fda3da3\" data-id=\"7fda3da3\" data-element_type=\"column\" data-e-type=\"column\">\n\t\t\t<div class=\"elementor-widget-wrap elementor-element-populated\">\n\t\t\t\t\t\t<div class=\"elementor-element elementor-element-19bd4d00 elementor-widget elementor-widget-heading\" data-id=\"19bd4d00\" data-element_type=\"widget\" data-e-type=\"widget\" data-widget_type=\"heading.default\">\n\t\t\t\t<div class=\"elementor-widget-container\">\n\t\t\t\t\t<h1 class=\"elementor-heading-title elementor-size-default\">Ressources<\/h1>\t\t\t\t<\/div>\n\t\t\t\t<\/div>\n\t\t\t\t\t<\/div>\n\t\t<\/div>\n\t\t\t\t\t<\/div>\n\t\t<\/section>\n\t\t\t\t<section class=\"elementor-section elementor-top-section elementor-element elementor-element-694878df elementor-section-content-bottom elementor-section-boxed elementor-section-height-default elementor-section-height-default\" data-id=\"694878df\" data-element_type=\"section\" data-e-type=\"section\" data-settings=\"{&quot;animation&quot;:&quot;none&quot;,&quot;animation_delay&quot;:800}\">\n\t\t\t\t\t\t<div class=\"elementor-container elementor-column-gap-no\">\n\t\t\t\t\t<div class=\"elementor-column elementor-col-100 elementor-top-column elementor-element elementor-element-39988aef\" data-id=\"39988aef\" data-element_type=\"column\" data-e-type=\"column\">\n\t\t\t<div class=\"elementor-widget-wrap elementor-element-populated\">\n\t\t\t\t\t\t<div class=\"elementor-element elementor-element-4c204470 elementor-widget elementor-widget-heading\" data-id=\"4c204470\" data-element_type=\"widget\" data-e-type=\"widget\" data-settings=\"{&quot;_animation&quot;:&quot;none&quot;}\" data-widget_type=\"heading.default\">\n\t\t\t\t<div class=\"elementor-widget-container\">\n\t\t\t\t\t<h5 class=\"elementor-heading-title elementor-size-default\">Annual Reports &amp; Strategic Plan<\/h5>\t\t\t\t<\/div>\n\t\t\t\t<\/div>\n\t\t\t\t\t<\/div>\n\t\t<\/div>\n\t\t\t\t\t<\/div>\n\t\t<\/section>\n\t\t\t\t<section class=\"elementor-section elementor-top-section elementor-element elementor-element-046adc8 elementor-section-boxed elementor-section-height-default elementor-section-height-default\" data-id=\"046adc8\" data-element_type=\"section\" data-e-type=\"section\">\n\t\t\t\t\t\t<div class=\"elementor-container elementor-column-gap-default\">\n\t\t\t\t\t<div class=\"elementor-column elementor-col-50 elementor-top-column elementor-element elementor-element-3e34067\" data-id=\"3e34067\" data-element_type=\"column\" data-e-type=\"column\">\n\t\t\t<div class=\"elementor-widget-wrap elementor-element-populated\">\n\t\t\t\t\t\t<div class=\"elementor-element elementor-element-0017a67 elementor-position-left elementor-vertical-align-middle elementor-widget elementor-widget-image-box\" data-id=\"0017a67\" data-element_type=\"widget\" data-e-type=\"widget\" data-widget_type=\"image-box.default\">\n\t\t\t\t<div class=\"elementor-widget-container\">\n\t\t\t\t\t<div class=\"elementor-image-box-wrapper\"><figure class=\"elementor-image-box-img\"><a href=\"https:\/\/haguruka.org\/wp-content\/uploads\/2023\/03\/HAGURUKA-Annual-Report-2017.pdf\" tabindex=\"-1\"><img fetchpriority=\"high\" decoding=\"async\" width=\"621\" height=\"587\" src=\"https:\/\/haguruka.org\/wp-content\/uploads\/2023\/03\/Screen-Shot-2023-03-09-at-11.10.06-PM.png\" class=\"elementor-animation-shrink attachment-full size-full wp-image-824\" alt=\"\" srcset=\"https:\/\/haguruka.org\/wp-content\/uploads\/2023\/03\/Screen-Shot-2023-03-09-at-11.10.06-PM.png 621w, https:\/\/haguruka.org\/wp-content\/uploads\/2023\/03\/Screen-Shot-2023-03-09-at-11.10.06-PM-300x284.png 300w\" sizes=\"(max-width: 621px) 100vw, 621px\" \/><\/a><\/figure><div class=\"elementor-image-box-content\"><h5 class=\"elementor-image-box-title\"><a href=\"https:\/\/haguruka.org\/wp-content\/uploads\/2023\/03\/HAGURUKA-Annual-Report-2017.pdf\">Faire plus gr\u00e2ce aux partenariats\u200b<\/a><\/h5><p class=\"elementor-image-box-description\">Rapport annuel 2017\u00a0(pdf -7MB )<\/p><\/div><\/div>\t\t\t\t<\/div>\n\t\t\t\t<\/div>\n\t\t\t\t\t<\/div>\n\t\t<\/div>\n\t\t\t\t<div class=\"elementor-column elementor-col-50 elementor-top-column elementor-element elementor-element-faae81f\" data-id=\"faae81f\" data-element_type=\"column\" data-e-type=\"column\">\n\t\t\t<div class=\"elementor-widget-wrap elementor-element-populated\">\n\t\t\t\t\t\t<div class=\"elementor-element elementor-element-cb36141 elementor-position-left elementor-vertical-align-middle elementor-widget elementor-widget-image-box\" data-id=\"cb36141\" data-element_type=\"widget\" data-e-type=\"widget\" data-widget_type=\"image-box.default\">\n\t\t\t\t<div class=\"elementor-widget-container\">\n\t\t\t\t\t<div class=\"elementor-image-box-wrapper\"><figure class=\"elementor-image-box-img\"><a href=\"https:\/\/haguruka.org\/wp-content\/uploads\/2023\/03\/HAGURUKA-Annual-Report-2016.pdf\" tabindex=\"-1\"><img decoding=\"async\" width=\"533\" height=\"518\" src=\"https:\/\/haguruka.org\/wp-content\/uploads\/2023\/03\/Screen-Shot-2023-03-09-at-11.21.20-PM.png\" class=\"elementor-animation-shrink attachment-full size-full wp-image-825\" alt=\"\" srcset=\"https:\/\/haguruka.org\/wp-content\/uploads\/2023\/03\/Screen-Shot-2023-03-09-at-11.21.20-PM.png 533w, https:\/\/haguruka.org\/wp-content\/uploads\/2023\/03\/Screen-Shot-2023-03-09-at-11.21.20-PM-300x292.png 300w\" sizes=\"(max-width: 533px) 100vw, 533px\" \/><\/a><\/figure><div class=\"elementor-image-box-content\"><h5 class=\"elementor-image-box-title\"><a href=\"https:\/\/haguruka.org\/wp-content\/uploads\/2023\/03\/HAGURUKA-Annual-Report-2016.pdf\">15 ans forts, ensemble<\/a><\/h5><p class=\"elementor-image-box-description\">Rapport annuel 2016 (pdf -8Mo)<\/p><\/div><\/div>\t\t\t\t<\/div>\n\t\t\t\t<\/div>\n\t\t\t\t\t<\/div>\n\t\t<\/div>\n\t\t\t\t\t<\/div>\n\t\t<\/section>\n\t\t\t\t<section class=\"elementor-section elementor-top-section elementor-element elementor-element-8eee179 elementor-section-boxed elementor-section-height-default elementor-section-height-default\" data-id=\"8eee179\" data-element_type=\"section\" data-e-type=\"section\">\n\t\t\t\t\t\t<div class=\"elementor-container elementor-column-gap-default\">\n\t\t\t\t\t<div class=\"elementor-column elementor-col-100 elementor-top-column elementor-element elementor-element-a24ebc3\" data-id=\"a24ebc3\" data-element_type=\"column\" data-e-type=\"column\">\n\t\t\t<div class=\"elementor-widget-wrap elementor-element-populated\">\n\t\t\t\t\t\t<div class=\"elementor-element elementor-element-26426ee elementor-widget elementor-widget-spacer\" data-id=\"26426ee\" data-element_type=\"widget\" data-e-type=\"widget\" data-widget_type=\"spacer.default\">\n\t\t\t\t<div class=\"elementor-widget-container\">\n\t\t\t\t\t\t\t<div class=\"elementor-spacer\">\n\t\t\t<div class=\"elementor-spacer-inner\"><\/div>\n\t\t<\/div>\n\t\t\t\t\t\t<\/div>\n\t\t\t\t<\/div>\n\t\t\t\t\t<\/div>\n\t\t<\/div>\n\t\t\t\t\t<\/div>\n\t\t<\/section>\n\t\t\t\t<section class=\"elementor-section elementor-top-section elementor-element elementor-element-783217c elementor-section-boxed elementor-section-height-default elementor-section-height-default\" data-id=\"783217c\" data-element_type=\"section\" data-e-type=\"section\">\n\t\t\t\t\t\t<div class=\"elementor-container elementor-column-gap-default\">\n\t\t\t\t\t<div class=\"elementor-column elementor-col-50 elementor-top-column elementor-element elementor-element-0a454e6\" data-id=\"0a454e6\" data-element_type=\"column\" data-e-type=\"column\">\n\t\t\t<div class=\"elementor-widget-wrap elementor-element-populated\">\n\t\t\t\t\t\t<div class=\"elementor-element elementor-element-2c7b34b elementor-position-left elementor-vertical-align-middle elementor-widget elementor-widget-image-box\" data-id=\"2c7b34b\" data-element_type=\"widget\" data-e-type=\"widget\" data-widget_type=\"image-box.default\">\n\t\t\t\t<div class=\"elementor-widget-container\">\n\t\t\t\t\t<div class=\"elementor-image-box-wrapper\"><figure class=\"elementor-image-box-img\"><a href=\"https:\/\/haguruka.org\/wp-content\/uploads\/2023\/03\/HAGURUKA-Annual-Report-2015.pdf\" tabindex=\"-1\"><img decoding=\"async\" width=\"469\" height=\"309\" src=\"https:\/\/haguruka.org\/wp-content\/uploads\/2023\/03\/Image-Annual-report-2015.png\" class=\"elementor-animation-shrink attachment-full size-full wp-image-843\" alt=\"\" srcset=\"https:\/\/haguruka.org\/wp-content\/uploads\/2023\/03\/Image-Annual-report-2015.png 469w, https:\/\/haguruka.org\/wp-content\/uploads\/2023\/03\/Image-Annual-report-2015-300x198.png 300w\" sizes=\"(max-width: 469px) 100vw, 469px\" \/><\/a><\/figure><div class=\"elementor-image-box-content\"><h5 class=\"elementor-image-box-title\"><a href=\"https:\/\/haguruka.org\/wp-content\/uploads\/2023\/03\/HAGURUKA-Annual-Report-2015.pdf\">Semer les graines du changement<\/a><\/h5><p class=\"elementor-image-box-description\">Rapport annuel 2015 (pdf -10MB)<\/p><\/div><\/div>\t\t\t\t<\/div>\n\t\t\t\t<\/div>\n\t\t\t\t\t<\/div>\n\t\t<\/div>\n\t\t\t\t<div class=\"elementor-column elementor-col-50 elementor-top-column elementor-element elementor-element-e564aec\" data-id=\"e564aec\" data-element_type=\"column\" data-e-type=\"column\">\n\t\t\t<div class=\"elementor-widget-wrap elementor-element-populated\">\n\t\t\t\t\t\t<div class=\"elementor-element elementor-element-4f8206c elementor-position-left elementor-vertical-align-middle elementor-widget elementor-widget-image-box\" data-id=\"4f8206c\" data-element_type=\"widget\" data-e-type=\"widget\" data-widget_type=\"image-box.default\">\n\t\t\t\t<div class=\"elementor-widget-container\">\n\t\t\t\t\t<div class=\"elementor-image-box-wrapper\"><figure class=\"elementor-image-box-img\"><a href=\"https:\/\/haguruka.org\/wp-content\/uploads\/2023\/03\/2017-2020-Strategic-Plan-Haguruka.pdf\" tabindex=\"-1\"><img loading=\"lazy\" decoding=\"async\" width=\"1025\" height=\"622\" src=\"https:\/\/haguruka.org\/wp-content\/uploads\/2023\/03\/Screen-Shot-2023-03-09-at-11.29.49-PM.png\" class=\"elementor-animation-shrink attachment-full size-full wp-image-839\" alt=\"\" srcset=\"https:\/\/haguruka.org\/wp-content\/uploads\/2023\/03\/Screen-Shot-2023-03-09-at-11.29.49-PM.png 1025w, https:\/\/haguruka.org\/wp-content\/uploads\/2023\/03\/Screen-Shot-2023-03-09-at-11.29.49-PM-300x182.png 300w, https:\/\/haguruka.org\/wp-content\/uploads\/2023\/03\/Screen-Shot-2023-03-09-at-11.29.49-PM-768x466.png 768w\" sizes=\"(max-width: 1025px) 100vw, 1025px\" \/><\/a><\/figure><div class=\"elementor-image-box-content\"><h5 class=\"elementor-image-box-title\"><a href=\"https:\/\/haguruka.org\/wp-content\/uploads\/2023\/03\/2017-2020-Strategic-Plan-Haguruka.pdf\">B\u00c2TIR NOS COMMUNAUT\u00c9S : Relever nos d\u00e9fis par la solidarit\u00e9<\/a><\/h5><p class=\"elementor-image-box-description\">Plan strat\u00e9gique 2017-2020 (pdf -219 Ko)<\/p><\/div><\/div>\t\t\t\t<\/div>\n\t\t\t\t<\/div>\n\t\t\t\t\t<\/div>\n\t\t<\/div>\n\t\t\t\t\t<\/div>\n\t\t<\/section>\n\t\t\t\t<section class=\"elementor-section elementor-top-section elementor-element elementor-element-64bcec8 elementor-section-boxed elementor-section-height-default elementor-section-height-default\" data-id=\"64bcec8\" data-element_type=\"section\" data-e-type=\"section\">\n\t\t\t\t\t\t<div class=\"elementor-container elementor-column-gap-default\">\n\t\t\t\t\t<div class=\"elementor-column elementor-col-100 elementor-top-column elementor-element elementor-element-19401d8\" data-id=\"19401d8\" data-element_type=\"column\" data-e-type=\"column\">\n\t\t\t<div class=\"elementor-widget-wrap elementor-element-populated\">\n\t\t\t\t\t\t<div class=\"elementor-element elementor-element-bbd2663 elementor-widget elementor-widget-spacer\" data-id=\"bbd2663\" data-element_type=\"widget\" data-e-type=\"widget\" data-widget_type=\"spacer.default\">\n\t\t\t\t<div class=\"elementor-widget-container\">\n\t\t\t\t\t\t\t<div class=\"elementor-spacer\">\n\t\t\t<div class=\"elementor-spacer-inner\"><\/div>\n\t\t<\/div>\n\t\t\t\t\t\t<\/div>\n\t\t\t\t<\/div>\n\t\t\t\t\t<\/div>\n\t\t<\/div>\n\t\t\t\t\t<\/div>\n\t\t<\/section>\n\t\t\t\t<\/div>","protected":false},"excerpt":{"rendered":"<p>Resources Annual Reports &#038; Strategic Plan Doing More Thanks To Partnerships\u200b 2017\u00a0Annual Report\u00a0(pdf -7MB ) 15 Years Strong, Together 2016 Annual Report (pdf -8MB) Sowing the Seeds of Change 2015 Annual Report (pdf -10MB) BUILDING OUR COMMUNITIES: Tackling Our Challenges Through Solidarity 2017-2020 Strategic Plan (pdf -219 KB)<\/p>","protected":false},"author":1,"featured_media":0,"parent":0,"menu_order":0,"comment_status":"closed","ping_status":"closed","template":"elementor_header_footer","meta":{"footnotes":""},"class_list":["post-729","page","type-page","status-publish","hentry"],"_links":{"self":[{"href":"https:\/\/haguruka.org\/fr\/wp-json\/wp\/v2\/pages\/729","targetHints":{"allow":["GET"]}}],"collection":[{"href":"https:\/\/haguruka.org\/fr\/wp-json\/wp\/v2\/pages"}],"about":[{"href":"https:\/\/haguruka.org\/fr\/wp-json\/wp\/v2\/types\/page"}],"author":[{"embeddable":true,"href":"https:\/\/haguruka.org\/fr\/wp-json\/wp\/v2\/users\/1"}],"replies":[{"embeddable":true,"href":"https:\/\/haguruka.org\/fr\/wp-json\/wp\/v2\/comments?post=729"}],"version-history":[{"count":34,"href":"https:\/\/haguruka.org\/fr\/wp-json\/wp\/v2\/pages\/729\/revisions"}],"predecessor-version":[{"id":930,"href":"https:\/\/haguruka.org\/fr\/wp-json\/wp\/v2\/pages\/729\/revisions\/930"}],"wp:attachment":[{"href":"https:\/\/haguruka.org\/fr\/wp-json\/wp\/v2\/media?parent=729"}],"curies":[{"name":"wp","href":"https:\/\/api.w.org\/{rel}","templated":true}]}}