{"id":1220,"date":"2025-05-30T13:41:53","date_gmt":"2025-05-30T13:41:53","guid":{"rendered":"https:\/\/haguruka.org\/?page_id=1220"},"modified":"2025-05-30T13:41:53","modified_gmt":"2025-05-30T13:41:53","slug":"who-we-are","status":"publish","type":"page","link":"https:\/\/haguruka.org\/fr\/who-we-are\/","title":{"rendered":"Qui sommes-nous?"},"content":{"rendered":"<div data-elementor-type=\"wp-page\" data-elementor-id=\"1220\" class=\"elementor elementor-1220\" data-elementor-post-type=\"page\">\n\t\t\t\t\t\t<section class=\"elementor-section elementor-top-section elementor-element elementor-element-27c0a39a elementor-section-full_width elementor-section-height-min-height elementor-section-height-default elementor-section-items-middle\" data-id=\"27c0a39a\" data-element_type=\"section\" data-e-type=\"section\" data-settings=\"{&quot;background_background&quot;:&quot;classic&quot;}\">\n\t\t\t\t\t\t\t<div class=\"elementor-background-overlay\"><\/div>\n\t\t\t\t\t\t\t<div class=\"elementor-container elementor-column-gap-default\">\n\t\t\t\t\t<div class=\"elementor-column elementor-col-100 elementor-top-column elementor-element elementor-element-7fda3da3\" data-id=\"7fda3da3\" data-element_type=\"column\" data-e-type=\"column\">\n\t\t\t<div class=\"elementor-widget-wrap elementor-element-populated\">\n\t\t\t\t\t\t<div class=\"elementor-element elementor-element-19bd4d00 elementor-widget elementor-widget-heading\" data-id=\"19bd4d00\" data-element_type=\"widget\" data-e-type=\"widget\" data-widget_type=\"heading.default\">\n\t\t\t\t<div class=\"elementor-widget-container\">\n\t\t\t\t\t<h1 class=\"elementor-heading-title elementor-size-default\">\u00c0 Propos<\/h1>\t\t\t\t<\/div>\n\t\t\t\t<\/div>\n\t\t\t\t\t<\/div>\n\t\t<\/div>\n\t\t\t\t\t<\/div>\n\t\t<\/section>\n\t\t\t\t<section class=\"elementor-section elementor-top-section elementor-element elementor-element-274e55cd elementor-section-boxed elementor-section-height-default elementor-section-height-default\" data-id=\"274e55cd\" data-element_type=\"section\" data-e-type=\"section\" data-settings=\"{&quot;background_background&quot;:&quot;classic&quot;}\">\n\t\t\t\t\t\t<div class=\"elementor-container elementor-column-gap-no\">\n\t\t\t\t\t<div class=\"elementor-column elementor-col-100 elementor-top-column elementor-element elementor-element-3ae3921b\" data-id=\"3ae3921b\" data-element_type=\"column\" data-e-type=\"column\" data-settings=\"{&quot;background_background&quot;:&quot;classic&quot;}\">\n\t\t\t<div class=\"elementor-widget-wrap elementor-element-populated\">\n\t\t\t\t\t\t<section class=\"elementor-section elementor-inner-section elementor-element elementor-element-35f55d6c elementor-section-content-middle elementor-section-boxed elementor-section-height-default elementor-section-height-default\" data-id=\"35f55d6c\" data-element_type=\"section\" data-e-type=\"section\">\n\t\t\t\t\t\t<div class=\"elementor-container elementor-column-gap-default\">\n\t\t\t\t\t<div class=\"elementor-column elementor-col-50 elementor-inner-column elementor-element elementor-element-62a00e18\" data-id=\"62a00e18\" data-element_type=\"column\" data-e-type=\"column\">\n\t\t\t<div class=\"elementor-widget-wrap elementor-element-populated\">\n\t\t\t\t\t\t<div class=\"elementor-element elementor-element-16cd9902 elementor-widget elementor-widget-image\" data-id=\"16cd9902\" data-element_type=\"widget\" data-e-type=\"widget\" data-widget_type=\"image.default\">\n\t\t\t\t<div class=\"elementor-widget-container\">\n\t\t\t\t\t\t\t\t\t\t\t\t\t\t\t<img fetchpriority=\"high\" decoding=\"async\" width=\"767\" height=\"426\" src=\"https:\/\/haguruka.org\/wp-content\/uploads\/2023\/03\/Screen-Shot-2023-03-16-at-10.01.41-PM.png\" class=\"attachment-full size-full wp-image-901\" alt=\"\" srcset=\"https:\/\/haguruka.org\/wp-content\/uploads\/2023\/03\/Screen-Shot-2023-03-16-at-10.01.41-PM.png 767w, https:\/\/haguruka.org\/wp-content\/uploads\/2023\/03\/Screen-Shot-2023-03-16-at-10.01.41-PM-300x167.png 300w\" sizes=\"(max-width: 767px) 100vw, 767px\" \/>\t\t\t\t\t\t\t\t\t\t\t\t\t\t\t<\/div>\n\t\t\t\t<\/div>\n\t\t\t\t<div class=\"elementor-element elementor-element-2b4b7f43 elementor-widget__width-initial elementor-widget-tablet__width-initial elementor-absolute elementor-widget elementor-widget-heading\" data-id=\"2b4b7f43\" data-element_type=\"widget\" data-e-type=\"widget\" data-settings=\"{&quot;_position&quot;:&quot;absolute&quot;}\" data-widget_type=\"heading.default\">\n\t\t\t\t<div class=\"elementor-widget-container\">\n\t\t\t\t\t<h3 class=\"elementor-heading-title elementor-size-default\">Over 20 \nYears \nof \nExperience<\/h3>\t\t\t\t<\/div>\n\t\t\t\t<\/div>\n\t\t\t\t\t<\/div>\n\t\t<\/div>\n\t\t\t\t<div class=\"elementor-column elementor-col-50 elementor-inner-column elementor-element elementor-element-547b6e37\" data-id=\"547b6e37\" data-element_type=\"column\" data-e-type=\"column\">\n\t\t\t<div class=\"elementor-widget-wrap elementor-element-populated\">\n\t\t\t\t\t\t<div class=\"elementor-element elementor-element-610f50f1 elementor-widget elementor-widget-heading\" data-id=\"610f50f1\" data-element_type=\"widget\" data-e-type=\"widget\" data-widget_type=\"heading.default\">\n\t\t\t\t<div class=\"elementor-widget-container\">\n\t\t\t\t\t<h4 class=\"elementor-heading-title elementor-size-default\">Qui sommes-nous?<\/h4>\t\t\t\t<\/div>\n\t\t\t\t<\/div>\n\t\t\t\t<div class=\"elementor-element elementor-element-73829f68 elementor-widget elementor-widget-heading\" data-id=\"73829f68\" data-element_type=\"widget\" data-e-type=\"widget\" data-widget_type=\"heading.default\">\n\t\t\t\t<div class=\"elementor-widget-container\">\n\t\t\t\t\t<h2 class=\"elementor-heading-title elementor-size-default\">L'association des femmes du Burundi<\/h2>\t\t\t\t<\/div>\n\t\t\t\t<\/div>\n\t\t\t\t<div class=\"elementor-element elementor-element-44b2fad elementor-widget elementor-widget-text-editor\" data-id=\"44b2fad\" data-element_type=\"widget\" data-e-type=\"widget\" data-widget_type=\"text-editor.default\">\n\t\t\t\t<div class=\"elementor-widget-container\">\n\t\t\t\t\t\t\t\t\t<p>Haguruka est une association \u00e0 but non lucratif enregistr\u00e9e en Ontario qui a \u00e9t\u00e9 fond\u00e9e en 2002 par des femmes du Burundi pour agir comme exutoire culturel pour la communaut\u00e9. Haguruka est devenue une organisation \u00e0 but non lucratif d\u00e9di\u00e9e \u00e0 l'\u00e9mancipation sociale et financi\u00e8re des femmes du Burundi, et au soutien des femmes dans le besoin dans la diaspora Canadienne. Nous sommes bas\u00e9es \u00e0 Toronto, Ontario (Canada).\u00a0<\/p><p>\u00ab Haguruka \u00bb est une expression kirundi qui signifie \u00ab debout \u00bb. Par nos initiatives, nous esp\u00e9rons aider les plus d\u00e9munis \u00e0 sortir de la pauvret\u00e9, du silence, et \u00e0 terme, de toutes les injustices socio-\u00e9conomiques qui les emp\u00eachent de s'\u00e9panouir.\u00a0<\/p><p>Nous y parvenons en am\u00e9liorant les aspects sociaux, culturels et \u00e9conomiques de leur vie \u2014 en particulier pour les femmes en situation de grande pauvret\u00e9 et d'exclusion sociale \u2014 en leur apportant une aide \u00e9conomique. Dans ce processus, nous visons particuli\u00e8rement \u00e0 c\u00e9l\u00e9brer le courage extraordinaire, la remarquable force de caract\u00e8re et le sens de la collectivit\u00e9 des femmes burundaises.<\/p>\t\t\t\t\t\t\t\t<\/div>\n\t\t\t\t<\/div>\n\t\t\t\t\t<\/div>\n\t\t<\/div>\n\t\t\t\t\t<\/div>\n\t\t<\/section>\n\t\t\t\t\t<\/div>\n\t\t<\/div>\n\t\t\t\t\t<\/div>\n\t\t<\/section>\n\t\t\t\t<section class=\"elementor-section elementor-top-section elementor-element elementor-element-9fcd4f5 elementor-section-full_width elementor-section-height-default elementor-section-height-default\" data-id=\"9fcd4f5\" data-element_type=\"section\" data-e-type=\"section\" data-settings=\"{&quot;background_background&quot;:&quot;classic&quot;}\">\n\t\t\t\t\t\t<div class=\"elementor-container elementor-column-gap-default\">\n\t\t\t\t\t<div class=\"elementor-column elementor-col-100 elementor-top-column elementor-element elementor-element-9f372c3\" data-id=\"9f372c3\" data-element_type=\"column\" data-e-type=\"column\">\n\t\t\t<div class=\"elementor-widget-wrap elementor-element-populated\">\n\t\t\t\t\t\t<section class=\"elementor-section elementor-inner-section elementor-element elementor-element-82195ad elementor-section-boxed elementor-section-height-default elementor-section-height-default\" data-id=\"82195ad\" data-element_type=\"section\" data-e-type=\"section\">\n\t\t\t\t\t\t<div class=\"elementor-container elementor-column-gap-default\">\n\t\t\t\t\t<div class=\"elementor-column elementor-col-50 elementor-inner-column elementor-element elementor-element-d3d1baa\" data-id=\"d3d1baa\" data-element_type=\"column\" data-e-type=\"column\">\n\t\t\t<div class=\"elementor-widget-wrap elementor-element-populated\">\n\t\t\t\t\t\t<div class=\"elementor-element elementor-element-ee00c1d elementor-widget elementor-widget-heading\" data-id=\"ee00c1d\" data-element_type=\"widget\" data-e-type=\"widget\" data-widget_type=\"heading.default\">\n\t\t\t\t<div class=\"elementor-widget-container\">\n\t\t\t\t\t<h4 class=\"elementor-heading-title elementor-size-default\">Ce que nous faisons<\/h4>\t\t\t\t<\/div>\n\t\t\t\t<\/div>\n\t\t\t\t<div class=\"elementor-element elementor-element-f7f1f19 elementor-widget elementor-widget-heading\" data-id=\"f7f1f19\" data-element_type=\"widget\" data-e-type=\"widget\" data-widget_type=\"heading.default\">\n\t\t\t\t<div class=\"elementor-widget-container\">\n\t\t\t\t\t<h2 class=\"elementor-heading-title elementor-size-default\">Nos priorit\u00e9s strat\u00e9giques actuelles<\/h2>\t\t\t\t<\/div>\n\t\t\t\t<\/div>\n\t\t\t\t<div class=\"elementor-element elementor-element-360ce05 elementor-widget elementor-widget-text-editor\" data-id=\"360ce05\" data-element_type=\"widget\" data-e-type=\"widget\" data-widget_type=\"text-editor.default\">\n\t\t\t\t<div class=\"elementor-widget-container\">\n\t\t\t\t\t\t\t\t\t<ul><li>Favoriser l'\u00e9mancipation socio-\u00e9conomique des filles et des femmes.<\/li><li>Am\u00e9liorer l'acc\u00e8s \u00e0 l'\u00e9ducation, aux soins de sant\u00e9, \u00e0 la justice et\u00a0aux opportunit\u00e9s d'entrepreneuriat pour les femmes.<\/li><li>Renforcez la coh\u00e9sion, l'inclusion et l'int\u00e9gration gr\u00e2ce \u00e0 des activit\u00e9s d'engagement culturel et communautaire.<\/li><li>Plaider contre la violence sexiste dans nos communaut\u00e9s.<\/li><\/ul>\t\t\t\t\t\t\t\t<\/div>\n\t\t\t\t<\/div>\n\t\t\t\t\t<\/div>\n\t\t<\/div>\n\t\t\t\t<div class=\"elementor-column elementor-col-50 elementor-inner-column elementor-element elementor-element-b084f57\" data-id=\"b084f57\" data-element_type=\"column\" data-e-type=\"column\">\n\t\t\t<div class=\"elementor-widget-wrap elementor-element-populated\">\n\t\t\t\t\t\t<div class=\"elementor-element elementor-element-d6f5ccb elementor-widget elementor-widget-image\" data-id=\"d6f5ccb\" data-element_type=\"widget\" data-e-type=\"widget\" data-widget_type=\"image.default\">\n\t\t\t\t<div class=\"elementor-widget-container\">\n\t\t\t\t\t\t\t\t\t\t\t\t\t\t\t<img decoding=\"async\" width=\"1200\" height=\"800\" src=\"https:\/\/haguruka.org\/wp-content\/uploads\/2023\/01\/African-Woman.jpg\" class=\"attachment-full size-full wp-image-348\" alt=\"\" srcset=\"https:\/\/haguruka.org\/wp-content\/uploads\/2023\/01\/African-Woman.jpg 1200w, https:\/\/haguruka.org\/wp-content\/uploads\/2023\/01\/African-Woman-300x200.jpg 300w, https:\/\/haguruka.org\/wp-content\/uploads\/2023\/01\/African-Woman-1024x683.jpg 1024w, https:\/\/haguruka.org\/wp-content\/uploads\/2023\/01\/African-Woman-768x512.jpg 768w\" sizes=\"(max-width: 1200px) 100vw, 1200px\" \/>\t\t\t\t\t\t\t\t\t\t\t\t\t\t\t<\/div>\n\t\t\t\t<\/div>\n\t\t\t\t\t<\/div>\n\t\t<\/div>\n\t\t\t\t\t<\/div>\n\t\t<\/section>\n\t\t\t\t\t<\/div>\n\t\t<\/div>\n\t\t\t\t\t<\/div>\n\t\t<\/section>\n\t\t\t\t<section class=\"elementor-section elementor-top-section elementor-element elementor-element-a77477c elementor-section-full_width elementor-section-height-default elementor-section-height-default\" data-id=\"a77477c\" data-element_type=\"section\" data-e-type=\"section\">\n\t\t\t\t\t\t<div class=\"elementor-container elementor-column-gap-default\">\n\t\t\t\t\t<div class=\"elementor-column elementor-col-100 elementor-top-column elementor-element elementor-element-2eb9a23\" data-id=\"2eb9a23\" data-element_type=\"column\" data-e-type=\"column\">\n\t\t\t<div class=\"elementor-widget-wrap elementor-element-populated\">\n\t\t\t\t\t\t<section class=\"elementor-section elementor-inner-section elementor-element elementor-element-bafa346 elementor-section-boxed elementor-section-height-default elementor-section-height-default\" data-id=\"bafa346\" data-element_type=\"section\" data-e-type=\"section\">\n\t\t\t\t\t\t<div class=\"elementor-container elementor-column-gap-default\">\n\t\t\t\t\t<div class=\"elementor-column elementor-col-50 elementor-inner-column elementor-element elementor-element-995230c\" data-id=\"995230c\" data-element_type=\"column\" data-e-type=\"column\">\n\t\t\t<div class=\"elementor-widget-wrap elementor-element-populated\">\n\t\t\t\t\t\t<div class=\"elementor-element elementor-element-7b16ec1 elementor-widget elementor-widget-image\" data-id=\"7b16ec1\" data-element_type=\"widget\" data-e-type=\"widget\" data-widget_type=\"image.default\">\n\t\t\t\t<div class=\"elementor-widget-container\">\n\t\t\t\t\t\t\t\t\t\t\t\t\t\t\t<img decoding=\"async\" width=\"860\" height=\"960\" src=\"https:\/\/haguruka.org\/wp-content\/uploads\/2023\/01\/About-us-3a.png\" class=\"attachment-full size-full wp-image-357\" alt=\"\" srcset=\"https:\/\/haguruka.org\/wp-content\/uploads\/2023\/01\/About-us-3a.png 860w, https:\/\/haguruka.org\/wp-content\/uploads\/2023\/01\/About-us-3a-269x300.png 269w, https:\/\/haguruka.org\/wp-content\/uploads\/2023\/01\/About-us-3a-768x857.png 768w\" sizes=\"(max-width: 860px) 100vw, 860px\" \/>\t\t\t\t\t\t\t\t\t\t\t\t\t\t\t<\/div>\n\t\t\t\t<\/div>\n\t\t\t\t\t<\/div>\n\t\t<\/div>\n\t\t\t\t<div class=\"elementor-column elementor-col-50 elementor-inner-column elementor-element elementor-element-f2229af\" data-id=\"f2229af\" data-element_type=\"column\" data-e-type=\"column\">\n\t\t\t<div class=\"elementor-widget-wrap elementor-element-populated\">\n\t\t\t\t\t\t<div class=\"elementor-element elementor-element-06e56e0 elementor-widget elementor-widget-heading\" data-id=\"06e56e0\" data-element_type=\"widget\" data-e-type=\"widget\" data-widget_type=\"heading.default\">\n\t\t\t\t<div class=\"elementor-widget-container\">\n\t\t\t\t\t<h4 class=\"elementor-heading-title elementor-size-default\">Ce que nous faisons<\/h4>\t\t\t\t<\/div>\n\t\t\t\t<\/div>\n\t\t\t\t<div class=\"elementor-element elementor-element-2ace83b elementor-widget elementor-widget-heading\" data-id=\"2ace83b\" data-element_type=\"widget\" data-e-type=\"widget\" data-widget_type=\"heading.default\">\n\t\t\t\t<div class=\"elementor-widget-container\">\n\t\t\t\t\t<h2 class=\"elementor-heading-title elementor-size-default\">Notre approche et notre population cible<\/h2>\t\t\t\t<\/div>\n\t\t\t\t<\/div>\n\t\t\t\t<div class=\"elementor-element elementor-element-f3634db elementor-widget elementor-widget-text-editor\" data-id=\"f3634db\" data-element_type=\"widget\" data-e-type=\"widget\" data-widget_type=\"text-editor.default\">\n\t\t\t\t<div class=\"elementor-widget-container\">\n\t\t\t\t\t\t\t\t\t<ul><li>Nous contribuons mensuellement en tant que membres et organisons des \u00e9v\u00e9nements de collecte de fonds pour financer des projets de micro-cr\u00e9dits pour les femmes au Burundi afin de leur permettre d'acqu\u00e9rir une autonomie \u00e9conomique et d'am\u00e9liorer leur niveau de vie.<\/li><li>En partenariat avec des agences sur le terrain, nous aidons les femmes de tout horizon, en leur accordant des micro-pr\u00eats avec un int\u00e9r\u00eat minimal. Les micro-pr\u00eats sont une forme d'aide financi\u00e8re \u00e9prouv\u00e9e, efficace, innovante et \u00e9mancipatrice pour les femmes et les filles dans le besoin.<\/li><li>Nous nous concentrons sur l'aide aux femmes marginalis\u00e9es vivant dans la pauvret\u00e9, notamment\u00a0:<ul><li>les femmes s'occupant des a\u00een\u00e9s<\/li><li>Les jeunes m\u00e8res<\/li><li>Les m\u00e8res c\u00e9libataires, les cheffes de famille et les veuves<\/li><li>Les orphelines<\/li><\/ul><\/li><li>Nous agissons \u00e9galement comme un centre de partage de connaissances et de culture, et aidons les femmes et les familles de la diaspora burundaise \u00e0 Toronto (Canada) et au-del\u00e0.\u00a0<\/li><\/ul>\t\t\t\t\t\t\t\t<\/div>\n\t\t\t\t<\/div>\n\t\t\t\t\t<\/div>\n\t\t<\/div>\n\t\t\t\t\t<\/div>\n\t\t<\/section>\n\t\t\t\t<div class=\"elementor-element elementor-element-90b7cce elementor-widget elementor-widget-heading\" data-id=\"90b7cce\" data-element_type=\"widget\" data-e-type=\"widget\" data-widget_type=\"heading.default\">\n\t\t\t\t<div class=\"elementor-widget-container\">\n\t\t\t\t\t<p class=\"elementor-heading-title elementor-size-default\">Le premier plan strat\u00e9gique de Haguruka \u00ab\u00a0CONSTRUIRE NOS COMMUNAUT\u00c9S\u00a0: Relever nos d\u00e9fis par la solidarit\u00e9\u00a0\u00bb est maintenant disponible\u00a0! <\/br>\nD\u00e9couvrez nos objectifs et nos priorit\u00e9s pour 2017-2020.<\/p>\t\t\t\t<\/div>\n\t\t\t\t<\/div>\n\t\t\t\t\t<\/div>\n\t\t<\/div>\n\t\t\t\t\t<\/div>\n\t\t<\/section>\n\t\t\t\t<\/div>","protected":false},"excerpt":{"rendered":"<p>About Us Over 20 Years of Experience Who We Are Association of Women from burundi Haguruka is a non-profit association registered in Ontario that was founded in 2002 by women from Burundi to act as a cultural outlet for the community. Haguruka has evolved into an organization that strives to financially and socially empower women [&hellip;]<\/p>","protected":false},"author":2,"featured_media":0,"parent":0,"menu_order":0,"comment_status":"closed","ping_status":"closed","template":"elementor_header_footer","meta":{"footnotes":""},"class_list":["post-1220","page","type-page","status-publish","hentry"],"_links":{"self":[{"href":"https:\/\/haguruka.org\/fr\/wp-json\/wp\/v2\/pages\/1220","targetHints":{"allow":["GET"]}}],"collection":[{"href":"https:\/\/haguruka.org\/fr\/wp-json\/wp\/v2\/pages"}],"about":[{"href":"https:\/\/haguruka.org\/fr\/wp-json\/wp\/v2\/types\/page"}],"author":[{"embeddable":true,"href":"https:\/\/haguruka.org\/fr\/wp-json\/wp\/v2\/users\/2"}],"replies":[{"embeddable":true,"href":"https:\/\/haguruka.org\/fr\/wp-json\/wp\/v2\/comments?post=1220"}],"version-history":[{"count":1,"href":"https:\/\/haguruka.org\/fr\/wp-json\/wp\/v2\/pages\/1220\/revisions"}],"predecessor-version":[{"id":1222,"href":"https:\/\/haguruka.org\/fr\/wp-json\/wp\/v2\/pages\/1220\/revisions\/1222"}],"wp:attachment":[{"href":"https:\/\/haguruka.org\/fr\/wp-json\/wp\/v2\/media?parent=1220"}],"curies":[{"name":"wp","href":"https:\/\/api.w.org\/{rel}","templated":true}]}}